{"id":3337,"date":"2025-08-06T16:04:46","date_gmt":"2025-08-06T14:04:46","guid":{"rendered":"https:\/\/www.urbancreativity.it\/?post_type=product&#038;p=3337"},"modified":"2025-08-06T17:20:09","modified_gmt":"2025-08-06T15:20:09","slug":"nausicaa-copia-copia-copia-copia","status":"publish","type":"product","link":"https:\/\/www.urbancreativity.it\/de\/prodotto\/nausicaa-copia-copia-copia-copia\/","title":{"rendered":"Nausicaa (Copia) (Copia) (Copia) (Copia)"},"content":{"rendered":"<ul>\n<li>Minimalistische Sneaker f\u00fcr einen gro\u00dfst\u00e4dtischen Look, mit Oberteil aus Kalbsleder und kontrastierendem Einsatz<\/li>\n<li>Herausnehmbare, fu\u00dfgerechte, aus 100% pflanzlich gegerbtem Leder verkleidete Innensohle f\u00fcr optimalen Komfort und Flexibilit\u00e4t<\/li>\n<li>Strobel-Verarbeitung, um optimale Flexibilit\u00e4t und Leichtigkeit zu bieten<\/li>\n<li>Zigzag-N\u00e4hte f\u00fcr ein Detail mit Kontrast-Effekt<\/li>\n<li>Flexible, leichte und sto\u00dfabsorbierende Sohle<\/li>\n<\/ul>\n","protected":false},"excerpt":{"rendered":"<p>Minimalistische Sneaker f\u00fcr einen gro\u00dfst\u00e4dtischen Look, mit Oberteil aus Kalbsleder und kontrastierendem Einsatz Herausnehmbare, fu\u00dfgerechte, aus 100% pflanzlich gegerbtem Leder verkleidete Innensohle f\u00fcr optimalen Komfort und Flexibilit\u00e4t Strobel-Verarbeitung, um optimale Flexibilit\u00e4t und Leichtigkeit zu bieten Zigzag-N\u00e4hte f\u00fcr ein Detail mit Kontrast-Effekt Flexible, leichte und sto\u00dfabsorbierende Sohle<\/p>\n","protected":false},"featured_media":3346,"comment_status":"open","ping_status":"closed","template":"","meta":{"_et_pb_use_builder":"","_et_pb_old_content":"","_et_gb_content_width":""},"product_brand":[],"product_cat":[54],"product_tag":[],"class_list":{"0":"post-3337","1":"product","2":"type-product","3":"status-publish","4":"has-post-thumbnail","6":"product_cat-schnuerschuhe","7":"pa_color-schwarz","8":"pa_size-39-de","9":"pa_size-40-de","10":"pa_size-41-de","11":"pa_size-42-de","12":"pa_size-43-de","13":"pa_size-44-de","14":"pa_size-45-de","15":"pa_size-46-de","17":"first","18":"instock","19":"shipping-taxable","20":"purchasable","21":"product-type-variable"},"yoast_head":"<!-- This site is optimized with the Yoast SEO plugin v26.0 - https:\/\/yoast.com\/wordpress\/plugins\/seo\/ -->\n<title>Nausicaa (Copia) (Copia) (Copia) (Copia) - Schn\u00fcrschuhe - Calzature Made in Italy - Urban Creativity<\/title>\n<meta name=\"description\" content=\"Nausicaa (Copia) (Copia) (Copia) (Copia), Schn\u00fcrschuhe: offriamo calzature personalizzate per brand e individui. Design su misura per creare scarpe che riflettono la tua personalit\u00e0 e il tuo marchio.\" \/>\n<meta name=\"robots\" content=\"index, follow, max-snippet:-1, max-image-preview:large, max-video-preview:-1\" \/>\n<link rel=\"canonical\" href=\"https:\/\/www.urbancreativity.it\/de\/prodotto\/nausicaa-copia-copia-copia-copia\/\" \/>\n<meta property=\"og:locale\" content=\"de_DE\" \/>\n<meta property=\"og:type\" content=\"article\" \/>\n<meta property=\"og:title\" content=\"Nausicaa (Copia) (Copia) (Copia) (Copia) - Schn\u00fcrschuhe - Calzature Made in Italy - Urban Creativity\" \/>\n<meta property=\"og:description\" content=\"Nausicaa (Copia) (Copia) (Copia) (Copia), Schn\u00fcrschuhe: offriamo calzature personalizzate per brand e individui. Design su misura per creare scarpe che riflettono la tua personalit\u00e0 e il tuo marchio.\" \/>\n<meta property=\"og:url\" content=\"https:\/\/www.urbancreativity.it\/de\/prodotto\/nausicaa-copia-copia-copia-copia\/\" \/>\n<meta property=\"og:site_name\" content=\"Urban Creativity\" \/>\n<meta property=\"article:modified_time\" content=\"2025-08-06T15:20:09+00:00\" \/>\n<meta property=\"og:image\" content=\"https:\/\/www.urbancreativity.it\/wp-content\/uploads\/2025\/08\/KAI-MEXICO-BLACK-2-scaled.jpg\" \/>\n\t<meta property=\"og:image:width\" content=\"2560\" \/>\n\t<meta property=\"og:image:height\" content=\"1707\" \/>\n\t<meta property=\"og:image:type\" content=\"image\/jpeg\" \/>\n<meta name=\"twitter:card\" content=\"summary_large_image\" \/>\n<script type=\"application\/ld+json\" class=\"yoast-schema-graph\">{\"@context\":\"https:\/\/schema.org\",\"@graph\":[{\"@type\":\"WebPage\",\"@id\":\"https:\/\/www.urbancreativity.it\/de\/prodotto\/nausicaa-copia-copia-copia-copia\/\",\"url\":\"https:\/\/www.urbancreativity.it\/de\/prodotto\/nausicaa-copia-copia-copia-copia\/\",\"name\":\"Nausicaa (Copia) (Copia) (Copia) (Copia) - Schn\u00fcrschuhe - Calzature Made in Italy - Urban Creativity\",\"isPartOf\":{\"@id\":\"https:\/\/www.urbancreativity.it\/de\/#website\"},\"primaryImageOfPage\":{\"@id\":\"https:\/\/www.urbancreativity.it\/de\/prodotto\/nausicaa-copia-copia-copia-copia\/#primaryimage\"},\"image\":{\"@id\":\"https:\/\/www.urbancreativity.it\/de\/prodotto\/nausicaa-copia-copia-copia-copia\/#primaryimage\"},\"thumbnailUrl\":\"https:\/\/www.urbancreativity.it\/wp-content\/uploads\/2025\/08\/KAI-MEXICO-BLACK-2-scaled.jpg\",\"datePublished\":\"2025-08-06T14:04:46+00:00\",\"dateModified\":\"2025-08-06T15:20:09+00:00\",\"description\":\"Nausicaa (Copia) (Copia) (Copia) (Copia), Schn\u00fcrschuhe: offriamo calzature personalizzate per brand e individui. Design su misura per creare scarpe che riflettono la tua personalit\u00e0 e il tuo marchio.\",\"breadcrumb\":{\"@id\":\"https:\/\/www.urbancreativity.it\/de\/prodotto\/nausicaa-copia-copia-copia-copia\/#breadcrumb\"},\"inLanguage\":\"de\",\"potentialAction\":[{\"@type\":\"ReadAction\",\"target\":[\"https:\/\/www.urbancreativity.it\/de\/prodotto\/nausicaa-copia-copia-copia-copia\/\"]}]},{\"@type\":\"ImageObject\",\"inLanguage\":\"de\",\"@id\":\"https:\/\/www.urbancreativity.it\/de\/prodotto\/nausicaa-copia-copia-copia-copia\/#primaryimage\",\"url\":\"https:\/\/www.urbancreativity.it\/wp-content\/uploads\/2025\/08\/KAI-MEXICO-BLACK-2-scaled.jpg\",\"contentUrl\":\"https:\/\/www.urbancreativity.it\/wp-content\/uploads\/2025\/08\/KAI-MEXICO-BLACK-2-scaled.jpg\",\"width\":2560,\"height\":1707},{\"@type\":\"BreadcrumbList\",\"@id\":\"https:\/\/www.urbancreativity.it\/de\/prodotto\/nausicaa-copia-copia-copia-copia\/#breadcrumb\",\"itemListElement\":[{\"@type\":\"ListItem\",\"position\":1,\"name\":\"Home\",\"item\":\"https:\/\/www.urbancreativity.it\/de\/\"},{\"@type\":\"ListItem\",\"position\":2,\"name\":\"Shop\",\"item\":\"https:\/\/www.urbancreativity.it\/de\/shop\/\"},{\"@type\":\"ListItem\",\"position\":3,\"name\":\"Nausicaa (Copia) (Copia) (Copia) (Copia)\"}]},{\"@type\":\"WebSite\",\"@id\":\"https:\/\/www.urbancreativity.it\/de\/#website\",\"url\":\"https:\/\/www.urbancreativity.it\/de\/\",\"name\":\"Urban Creativity - Calzature personalizzate Made in Italy\",\"description\":\"Crea le tue scarpe personalizzate con design unico\",\"publisher\":{\"@id\":\"https:\/\/www.urbancreativity.it\/de\/#organization\"},\"alternateName\":\"Urban Creativity - Scarpe personalizzate Made in Italy\",\"potentialAction\":[{\"@type\":\"SearchAction\",\"target\":{\"@type\":\"EntryPoint\",\"urlTemplate\":\"https:\/\/www.urbancreativity.it\/de\/?s={search_term_string}\"},\"query-input\":{\"@type\":\"PropertyValueSpecification\",\"valueRequired\":true,\"valueName\":\"search_term_string\"}}],\"inLanguage\":\"de\"},{\"@type\":\"Organization\",\"@id\":\"https:\/\/www.urbancreativity.it\/de\/#organization\",\"name\":\"Urban Creativity - Calzature personalizzate Made in Italy\",\"alternateName\":\"Urban Creativity - Scarpe personalizzate Made in Italy\",\"url\":\"https:\/\/www.urbancreativity.it\/de\/\",\"logo\":{\"@type\":\"ImageObject\",\"inLanguage\":\"de\",\"@id\":\"https:\/\/www.urbancreativity.it\/de\/#\/schema\/logo\/image\/\",\"url\":\"https:\/\/www.urbancreativity.it\/wp-content\/uploads\/2024\/10\/cropped-Pittogramma.png\",\"contentUrl\":\"https:\/\/www.urbancreativity.it\/wp-content\/uploads\/2024\/10\/cropped-Pittogramma.png\",\"width\":512,\"height\":512,\"caption\":\"Urban Creativity - Calzature personalizzate Made in Italy\"},\"image\":{\"@id\":\"https:\/\/www.urbancreativity.it\/de\/#\/schema\/logo\/image\/\"},\"sameAs\":[\"https:\/\/www.instagram.com\/urbancreativityshoes\/\"]}]}<\/script>\n<!-- \/ Yoast SEO plugin. -->","yoast_head_json":{"title":"Nausicaa (Copia) (Copia) (Copia) (Copia) - Schn\u00fcrschuhe - Calzature Made in Italy - Urban Creativity","description":"Nausicaa (Copia) (Copia) (Copia) (Copia), Schn\u00fcrschuhe: offriamo calzature personalizzate per brand e individui. Design su misura per creare scarpe che riflettono la tua personalit\u00e0 e il tuo marchio.","robots":{"index":"index","follow":"follow","max-snippet":"max-snippet:-1","max-image-preview":"max-image-preview:large","max-video-preview":"max-video-preview:-1"},"canonical":"https:\/\/www.urbancreativity.it\/de\/prodotto\/nausicaa-copia-copia-copia-copia\/","og_locale":"de_DE","og_type":"article","og_title":"Nausicaa (Copia) (Copia) (Copia) (Copia) - Schn\u00fcrschuhe - Calzature Made in Italy - Urban Creativity","og_description":"Nausicaa (Copia) (Copia) (Copia) (Copia), Schn\u00fcrschuhe: offriamo calzature personalizzate per brand e individui. Design su misura per creare scarpe che riflettono la tua personalit\u00e0 e il tuo marchio.","og_url":"https:\/\/www.urbancreativity.it\/de\/prodotto\/nausicaa-copia-copia-copia-copia\/","og_site_name":"Urban Creativity","article_modified_time":"2025-08-06T15:20:09+00:00","og_image":[{"width":2560,"height":1707,"url":"https:\/\/www.urbancreativity.it\/wp-content\/uploads\/2025\/08\/KAI-MEXICO-BLACK-2-scaled.jpg","type":"image\/jpeg"}],"twitter_card":"summary_large_image","schema":{"@context":"https:\/\/schema.org","@graph":[{"@type":"WebPage","@id":"https:\/\/www.urbancreativity.it\/de\/prodotto\/nausicaa-copia-copia-copia-copia\/","url":"https:\/\/www.urbancreativity.it\/de\/prodotto\/nausicaa-copia-copia-copia-copia\/","name":"Nausicaa (Copia) (Copia) (Copia) (Copia) - Schn\u00fcrschuhe - Calzature Made in Italy - Urban Creativity","isPartOf":{"@id":"https:\/\/www.urbancreativity.it\/de\/#website"},"primaryImageOfPage":{"@id":"https:\/\/www.urbancreativity.it\/de\/prodotto\/nausicaa-copia-copia-copia-copia\/#primaryimage"},"image":{"@id":"https:\/\/www.urbancreativity.it\/de\/prodotto\/nausicaa-copia-copia-copia-copia\/#primaryimage"},"thumbnailUrl":"https:\/\/www.urbancreativity.it\/wp-content\/uploads\/2025\/08\/KAI-MEXICO-BLACK-2-scaled.jpg","datePublished":"2025-08-06T14:04:46+00:00","dateModified":"2025-08-06T15:20:09+00:00","description":"Nausicaa (Copia) (Copia) (Copia) (Copia), Schn\u00fcrschuhe: offriamo calzature personalizzate per brand e individui. Design su misura per creare scarpe che riflettono la tua personalit\u00e0 e il tuo marchio.","breadcrumb":{"@id":"https:\/\/www.urbancreativity.it\/de\/prodotto\/nausicaa-copia-copia-copia-copia\/#breadcrumb"},"inLanguage":"de","potentialAction":[{"@type":"ReadAction","target":["https:\/\/www.urbancreativity.it\/de\/prodotto\/nausicaa-copia-copia-copia-copia\/"]}]},{"@type":"ImageObject","inLanguage":"de","@id":"https:\/\/www.urbancreativity.it\/de\/prodotto\/nausicaa-copia-copia-copia-copia\/#primaryimage","url":"https:\/\/www.urbancreativity.it\/wp-content\/uploads\/2025\/08\/KAI-MEXICO-BLACK-2-scaled.jpg","contentUrl":"https:\/\/www.urbancreativity.it\/wp-content\/uploads\/2025\/08\/KAI-MEXICO-BLACK-2-scaled.jpg","width":2560,"height":1707},{"@type":"BreadcrumbList","@id":"https:\/\/www.urbancreativity.it\/de\/prodotto\/nausicaa-copia-copia-copia-copia\/#breadcrumb","itemListElement":[{"@type":"ListItem","position":1,"name":"Home","item":"https:\/\/www.urbancreativity.it\/de\/"},{"@type":"ListItem","position":2,"name":"Shop","item":"https:\/\/www.urbancreativity.it\/de\/shop\/"},{"@type":"ListItem","position":3,"name":"Nausicaa (Copia) (Copia) (Copia) (Copia)"}]},{"@type":"WebSite","@id":"https:\/\/www.urbancreativity.it\/de\/#website","url":"https:\/\/www.urbancreativity.it\/de\/","name":"Urban Creativity - Calzature personalizzate Made in Italy","description":"Crea le tue scarpe personalizzate con design unico","publisher":{"@id":"https:\/\/www.urbancreativity.it\/de\/#organization"},"alternateName":"Urban Creativity - Scarpe personalizzate Made in Italy","potentialAction":[{"@type":"SearchAction","target":{"@type":"EntryPoint","urlTemplate":"https:\/\/www.urbancreativity.it\/de\/?s={search_term_string}"},"query-input":{"@type":"PropertyValueSpecification","valueRequired":true,"valueName":"search_term_string"}}],"inLanguage":"de"},{"@type":"Organization","@id":"https:\/\/www.urbancreativity.it\/de\/#organization","name":"Urban Creativity - Calzature personalizzate Made in Italy","alternateName":"Urban Creativity - Scarpe personalizzate Made in Italy","url":"https:\/\/www.urbancreativity.it\/de\/","logo":{"@type":"ImageObject","inLanguage":"de","@id":"https:\/\/www.urbancreativity.it\/de\/#\/schema\/logo\/image\/","url":"https:\/\/www.urbancreativity.it\/wp-content\/uploads\/2024\/10\/cropped-Pittogramma.png","contentUrl":"https:\/\/www.urbancreativity.it\/wp-content\/uploads\/2024\/10\/cropped-Pittogramma.png","width":512,"height":512,"caption":"Urban Creativity - Calzature personalizzate Made in Italy"},"image":{"@id":"https:\/\/www.urbancreativity.it\/de\/#\/schema\/logo\/image\/"},"sameAs":["https:\/\/www.instagram.com\/urbancreativityshoes\/"]}]}},"_links":{"self":[{"href":"https:\/\/www.urbancreativity.it\/de\/wp-json\/wp\/v2\/product\/3337","targetHints":{"allow":["GET"]}}],"collection":[{"href":"https:\/\/www.urbancreativity.it\/de\/wp-json\/wp\/v2\/product"}],"about":[{"href":"https:\/\/www.urbancreativity.it\/de\/wp-json\/wp\/v2\/types\/product"}],"replies":[{"embeddable":true,"href":"https:\/\/www.urbancreativity.it\/de\/wp-json\/wp\/v2\/comments?post=3337"}],"wp:featuredmedia":[{"embeddable":true,"href":"https:\/\/www.urbancreativity.it\/de\/wp-json\/wp\/v2\/media\/3346"}],"wp:attachment":[{"href":"https:\/\/www.urbancreativity.it\/de\/wp-json\/wp\/v2\/media?parent=3337"}],"wp:term":[{"taxonomy":"product_brand","embeddable":true,"href":"https:\/\/www.urbancreativity.it\/de\/wp-json\/wp\/v2\/product_brand?post=3337"},{"taxonomy":"product_cat","embeddable":true,"href":"https:\/\/www.urbancreativity.it\/de\/wp-json\/wp\/v2\/product_cat?post=3337"},{"taxonomy":"product_tag","embeddable":true,"href":"https:\/\/www.urbancreativity.it\/de\/wp-json\/wp\/v2\/product_tag?post=3337"}],"curies":[{"name":"wp","href":"https:\/\/api.w.org\/{rel}","templated":true}]}}