{"id":1844,"date":"2024-09-23T11:32:12","date_gmt":"2024-09-23T09:32:12","guid":{"rendered":"https:\/\/www.urbancreativity.it\/prodotto\/barrique\/"},"modified":"2024-10-01T11:03:07","modified_gmt":"2024-10-01T09:03:07","slug":"barrique","status":"publish","type":"product","link":"https:\/\/www.urbancreativity.it\/de\/prodotto\/barrique\/","title":{"rendered":"Barrique"},"content":{"rendered":"<ul>\n<li>Stiefelette im Derby-Stil, mit Oberteil und Schuhfutter aus pflanzlich gegerbtem Leder.<\/li>\n<li>\u201cIdeal\u201d Schuhkonstruktion, mit Schuhrand aus Leder und leichter, widerstandsf\u00e4higer und sto\u00dfabsorbierender Sohle aus Vibram-Gummi.<\/li>\n<li>Einlegesohle aus Baumwollfaser (\u201cCotton\u201d) und eine herausnehmbare, flexible und luftdurchl\u00e4ssige, aus 100% pflanzlich gegerbtem Leder verkleidete Innensohle f\u00fcr optimalen Komfort.<\/li>\n<li>Handgefertigte N\u00e4hte f\u00fcr einen handwerklichen Touch<\/li>\n<li>Erh\u00e4ltliche Farben: schwarz, gr\u00fcn, lederfarbig***<\/li>\n<li>Auch in Filz erh\u00e4ltlich f\u00fcr einen komfortablen und winterlichen City-Look.<\/li>\n<\/ul>\n","protected":false},"excerpt":{"rendered":"<p><strong>Was versteht man unter der \u201cIDEAL\u201d Verarbeitungsmethode? <\/strong><span style=\"font-weight: 400;\">Die Verarbeitungsmethode \u201cIDEAL\u201d macht Ihre Schuhe flexibel und gleichzeitig langlebig. Zwischen Sohle und Einlegesohle gibt es eine Zwischensohle, welche das Schuhwerk zus\u00e4tzlich stabilisiert und zusammen mit dem Oberteil durch einen \u00e4u\u00dferen Rand mit einer speziell daf\u00fcr vorgesehenen Maschine vern\u00e4ht wird. Die zahlreichen und technisch fortgeschrittenen \u00dcberg\u00e4nge wie Kleben, N\u00e4hen und die Endbearbeitung sind genau das, was den zus\u00e4tzlichen Wert des fertigen Schuhs ausmachen. <br \/>  <\/span><\/p>\n<p><strong>Was bedeutet Einlegesohle in \u201cCotton\u201d? <\/strong><span style=\"font-weight: 400;\">Es handelt sich um eine aus Baumwollfaser hergestellte Einlegesohle. Sie ist daher weicher und luftdurchl\u00e4ssiger, was das Schuhwerk komfortabler macht und die Fu\u00dffeuchtigkeit aufnimmt, ohne auf die Schuhstruktur zu verzichten.<\/span><\/p>\n","protected":false},"featured_media":1564,"comment_status":"open","ping_status":"closed","template":"","meta":{"_et_pb_use_builder":"","_et_pb_old_content":"","_et_gb_content_width":""},"product_brand":[],"product_cat":[54],"product_tag":[],"class_list":{"0":"post-1844","1":"product","2":"type-product","3":"status-publish","4":"has-post-thumbnail","6":"product_cat-schnuerschuhe","7":"pa_color-hellbraun","8":"pa_color-schwarz","9":"pa_size-35-de","10":"pa_size-36-de","11":"pa_size-37-de","12":"pa_size-38-de","13":"pa_size-39-de","14":"pa_size-40-de","15":"pa_size-41-de","16":"pa_size-42-de","17":"pa_size-43-de","18":"pa_size-44-de","19":"pa_size-45-de","20":"pa_size-46-de","22":"first","23":"instock","24":"shipping-taxable","25":"purchasable","26":"product-type-variable"},"yoast_head":"<!-- This site is optimized with the Yoast SEO plugin v26.0 - https:\/\/yoast.com\/wordpress\/plugins\/seo\/ -->\n<title>Barrique - Schn\u00fcrschuhe - Calzature Made in Italy - Urban Creativity<\/title>\n<meta name=\"description\" content=\"Barrique, Schn\u00fcrschuhe: offriamo calzature personalizzate per brand e individui. Design su misura per creare scarpe che riflettono la tua personalit\u00e0 e il tuo marchio.\" \/>\n<meta name=\"robots\" content=\"index, follow, max-snippet:-1, max-image-preview:large, max-video-preview:-1\" \/>\n<link rel=\"canonical\" href=\"https:\/\/www.urbancreativity.it\/de\/prodotto\/barrique\/\" \/>\n<meta property=\"og:locale\" content=\"de_DE\" \/>\n<meta property=\"og:type\" content=\"article\" \/>\n<meta property=\"og:title\" content=\"Barrique - Schn\u00fcrschuhe - Calzature Made in Italy - Urban Creativity\" \/>\n<meta property=\"og:description\" content=\"Barrique, Schn\u00fcrschuhe: offriamo calzature personalizzate per brand e individui. Design su misura per creare scarpe che riflettono la tua personalit\u00e0 e il tuo marchio.\" \/>\n<meta property=\"og:url\" content=\"https:\/\/www.urbancreativity.it\/de\/prodotto\/barrique\/\" \/>\n<meta property=\"og:site_name\" content=\"Urban Creativity\" \/>\n<meta property=\"article:modified_time\" content=\"2024-10-01T09:03:07+00:00\" \/>\n<meta property=\"og:image\" content=\"https:\/\/www.urbancreativity.it\/wp-content\/uploads\/2024\/09\/Barrique1.png\" \/>\n\t<meta property=\"og:image:width\" content=\"800\" \/>\n\t<meta property=\"og:image:height\" content=\"800\" \/>\n\t<meta property=\"og:image:type\" content=\"image\/png\" \/>\n<meta name=\"twitter:card\" content=\"summary_large_image\" \/>\n<script type=\"application\/ld+json\" class=\"yoast-schema-graph\">{\"@context\":\"https:\/\/schema.org\",\"@graph\":[{\"@type\":\"WebPage\",\"@id\":\"https:\/\/www.urbancreativity.it\/de\/prodotto\/barrique\/\",\"url\":\"https:\/\/www.urbancreativity.it\/de\/prodotto\/barrique\/\",\"name\":\"Barrique - Schn\u00fcrschuhe - Calzature Made in Italy - Urban Creativity\",\"isPartOf\":{\"@id\":\"https:\/\/www.urbancreativity.it\/de\/#website\"},\"primaryImageOfPage\":{\"@id\":\"https:\/\/www.urbancreativity.it\/de\/prodotto\/barrique\/#primaryimage\"},\"image\":{\"@id\":\"https:\/\/www.urbancreativity.it\/de\/prodotto\/barrique\/#primaryimage\"},\"thumbnailUrl\":\"https:\/\/www.urbancreativity.it\/wp-content\/uploads\/2024\/09\/Barrique1.png\",\"datePublished\":\"2024-09-23T09:32:12+00:00\",\"dateModified\":\"2024-10-01T09:03:07+00:00\",\"description\":\"Barrique, Schn\u00fcrschuhe: offriamo calzature personalizzate per brand e individui. Design su misura per creare scarpe che riflettono la tua personalit\u00e0 e il tuo marchio.\",\"breadcrumb\":{\"@id\":\"https:\/\/www.urbancreativity.it\/de\/prodotto\/barrique\/#breadcrumb\"},\"inLanguage\":\"de\",\"potentialAction\":[{\"@type\":\"ReadAction\",\"target\":[\"https:\/\/www.urbancreativity.it\/de\/prodotto\/barrique\/\"]}]},{\"@type\":\"ImageObject\",\"inLanguage\":\"de\",\"@id\":\"https:\/\/www.urbancreativity.it\/de\/prodotto\/barrique\/#primaryimage\",\"url\":\"https:\/\/www.urbancreativity.it\/wp-content\/uploads\/2024\/09\/Barrique1.png\",\"contentUrl\":\"https:\/\/www.urbancreativity.it\/wp-content\/uploads\/2024\/09\/Barrique1.png\",\"width\":800,\"height\":800},{\"@type\":\"BreadcrumbList\",\"@id\":\"https:\/\/www.urbancreativity.it\/de\/prodotto\/barrique\/#breadcrumb\",\"itemListElement\":[{\"@type\":\"ListItem\",\"position\":1,\"name\":\"Home\",\"item\":\"https:\/\/www.urbancreativity.it\/de\/\"},{\"@type\":\"ListItem\",\"position\":2,\"name\":\"Shop\",\"item\":\"https:\/\/www.urbancreativity.it\/de\/shop\/\"},{\"@type\":\"ListItem\",\"position\":3,\"name\":\"Barrique\"}]},{\"@type\":\"WebSite\",\"@id\":\"https:\/\/www.urbancreativity.it\/de\/#website\",\"url\":\"https:\/\/www.urbancreativity.it\/de\/\",\"name\":\"Urban Creativity - Calzature personalizzate Made in Italy\",\"description\":\"Crea le tue scarpe personalizzate con design unico\",\"publisher\":{\"@id\":\"https:\/\/www.urbancreativity.it\/de\/#organization\"},\"alternateName\":\"Urban Creativity - Scarpe personalizzate Made in Italy\",\"potentialAction\":[{\"@type\":\"SearchAction\",\"target\":{\"@type\":\"EntryPoint\",\"urlTemplate\":\"https:\/\/www.urbancreativity.it\/de\/?s={search_term_string}\"},\"query-input\":{\"@type\":\"PropertyValueSpecification\",\"valueRequired\":true,\"valueName\":\"search_term_string\"}}],\"inLanguage\":\"de\"},{\"@type\":\"Organization\",\"@id\":\"https:\/\/www.urbancreativity.it\/de\/#organization\",\"name\":\"Urban Creativity - Calzature personalizzate Made in Italy\",\"alternateName\":\"Urban Creativity - Scarpe personalizzate Made in Italy\",\"url\":\"https:\/\/www.urbancreativity.it\/de\/\",\"logo\":{\"@type\":\"ImageObject\",\"inLanguage\":\"de\",\"@id\":\"https:\/\/www.urbancreativity.it\/de\/#\/schema\/logo\/image\/\",\"url\":\"https:\/\/www.urbancreativity.it\/wp-content\/uploads\/2024\/10\/cropped-Pittogramma.png\",\"contentUrl\":\"https:\/\/www.urbancreativity.it\/wp-content\/uploads\/2024\/10\/cropped-Pittogramma.png\",\"width\":512,\"height\":512,\"caption\":\"Urban Creativity - Calzature personalizzate Made in Italy\"},\"image\":{\"@id\":\"https:\/\/www.urbancreativity.it\/de\/#\/schema\/logo\/image\/\"},\"sameAs\":[\"https:\/\/www.instagram.com\/urbancreativityshoes\/\"]}]}<\/script>\n<!-- \/ Yoast SEO plugin. -->","yoast_head_json":{"title":"Barrique - Schn\u00fcrschuhe - Calzature Made in Italy - Urban Creativity","description":"Barrique, Schn\u00fcrschuhe: offriamo calzature personalizzate per brand e individui. Design su misura per creare scarpe che riflettono la tua personalit\u00e0 e il tuo marchio.","robots":{"index":"index","follow":"follow","max-snippet":"max-snippet:-1","max-image-preview":"max-image-preview:large","max-video-preview":"max-video-preview:-1"},"canonical":"https:\/\/www.urbancreativity.it\/de\/prodotto\/barrique\/","og_locale":"de_DE","og_type":"article","og_title":"Barrique - Schn\u00fcrschuhe - Calzature Made in Italy - Urban Creativity","og_description":"Barrique, Schn\u00fcrschuhe: offriamo calzature personalizzate per brand e individui. Design su misura per creare scarpe che riflettono la tua personalit\u00e0 e il tuo marchio.","og_url":"https:\/\/www.urbancreativity.it\/de\/prodotto\/barrique\/","og_site_name":"Urban Creativity","article_modified_time":"2024-10-01T09:03:07+00:00","og_image":[{"width":800,"height":800,"url":"https:\/\/www.urbancreativity.it\/wp-content\/uploads\/2024\/09\/Barrique1.png","type":"image\/png"}],"twitter_card":"summary_large_image","schema":{"@context":"https:\/\/schema.org","@graph":[{"@type":"WebPage","@id":"https:\/\/www.urbancreativity.it\/de\/prodotto\/barrique\/","url":"https:\/\/www.urbancreativity.it\/de\/prodotto\/barrique\/","name":"Barrique - Schn\u00fcrschuhe - Calzature Made in Italy - Urban Creativity","isPartOf":{"@id":"https:\/\/www.urbancreativity.it\/de\/#website"},"primaryImageOfPage":{"@id":"https:\/\/www.urbancreativity.it\/de\/prodotto\/barrique\/#primaryimage"},"image":{"@id":"https:\/\/www.urbancreativity.it\/de\/prodotto\/barrique\/#primaryimage"},"thumbnailUrl":"https:\/\/www.urbancreativity.it\/wp-content\/uploads\/2024\/09\/Barrique1.png","datePublished":"2024-09-23T09:32:12+00:00","dateModified":"2024-10-01T09:03:07+00:00","description":"Barrique, Schn\u00fcrschuhe: offriamo calzature personalizzate per brand e individui. Design su misura per creare scarpe che riflettono la tua personalit\u00e0 e il tuo marchio.","breadcrumb":{"@id":"https:\/\/www.urbancreativity.it\/de\/prodotto\/barrique\/#breadcrumb"},"inLanguage":"de","potentialAction":[{"@type":"ReadAction","target":["https:\/\/www.urbancreativity.it\/de\/prodotto\/barrique\/"]}]},{"@type":"ImageObject","inLanguage":"de","@id":"https:\/\/www.urbancreativity.it\/de\/prodotto\/barrique\/#primaryimage","url":"https:\/\/www.urbancreativity.it\/wp-content\/uploads\/2024\/09\/Barrique1.png","contentUrl":"https:\/\/www.urbancreativity.it\/wp-content\/uploads\/2024\/09\/Barrique1.png","width":800,"height":800},{"@type":"BreadcrumbList","@id":"https:\/\/www.urbancreativity.it\/de\/prodotto\/barrique\/#breadcrumb","itemListElement":[{"@type":"ListItem","position":1,"name":"Home","item":"https:\/\/www.urbancreativity.it\/de\/"},{"@type":"ListItem","position":2,"name":"Shop","item":"https:\/\/www.urbancreativity.it\/de\/shop\/"},{"@type":"ListItem","position":3,"name":"Barrique"}]},{"@type":"WebSite","@id":"https:\/\/www.urbancreativity.it\/de\/#website","url":"https:\/\/www.urbancreativity.it\/de\/","name":"Urban Creativity - Calzature personalizzate Made in Italy","description":"Crea le tue scarpe personalizzate con design unico","publisher":{"@id":"https:\/\/www.urbancreativity.it\/de\/#organization"},"alternateName":"Urban Creativity - Scarpe personalizzate Made in Italy","potentialAction":[{"@type":"SearchAction","target":{"@type":"EntryPoint","urlTemplate":"https:\/\/www.urbancreativity.it\/de\/?s={search_term_string}"},"query-input":{"@type":"PropertyValueSpecification","valueRequired":true,"valueName":"search_term_string"}}],"inLanguage":"de"},{"@type":"Organization","@id":"https:\/\/www.urbancreativity.it\/de\/#organization","name":"Urban Creativity - Calzature personalizzate Made in Italy","alternateName":"Urban Creativity - Scarpe personalizzate Made in Italy","url":"https:\/\/www.urbancreativity.it\/de\/","logo":{"@type":"ImageObject","inLanguage":"de","@id":"https:\/\/www.urbancreativity.it\/de\/#\/schema\/logo\/image\/","url":"https:\/\/www.urbancreativity.it\/wp-content\/uploads\/2024\/10\/cropped-Pittogramma.png","contentUrl":"https:\/\/www.urbancreativity.it\/wp-content\/uploads\/2024\/10\/cropped-Pittogramma.png","width":512,"height":512,"caption":"Urban Creativity - Calzature personalizzate Made in Italy"},"image":{"@id":"https:\/\/www.urbancreativity.it\/de\/#\/schema\/logo\/image\/"},"sameAs":["https:\/\/www.instagram.com\/urbancreativityshoes\/"]}]}},"_links":{"self":[{"href":"https:\/\/www.urbancreativity.it\/de\/wp-json\/wp\/v2\/product\/1844","targetHints":{"allow":["GET"]}}],"collection":[{"href":"https:\/\/www.urbancreativity.it\/de\/wp-json\/wp\/v2\/product"}],"about":[{"href":"https:\/\/www.urbancreativity.it\/de\/wp-json\/wp\/v2\/types\/product"}],"replies":[{"embeddable":true,"href":"https:\/\/www.urbancreativity.it\/de\/wp-json\/wp\/v2\/comments?post=1844"}],"wp:featuredmedia":[{"embeddable":true,"href":"https:\/\/www.urbancreativity.it\/de\/wp-json\/wp\/v2\/media\/1564"}],"wp:attachment":[{"href":"https:\/\/www.urbancreativity.it\/de\/wp-json\/wp\/v2\/media?parent=1844"}],"wp:term":[{"taxonomy":"product_brand","embeddable":true,"href":"https:\/\/www.urbancreativity.it\/de\/wp-json\/wp\/v2\/product_brand?post=1844"},{"taxonomy":"product_cat","embeddable":true,"href":"https:\/\/www.urbancreativity.it\/de\/wp-json\/wp\/v2\/product_cat?post=1844"},{"taxonomy":"product_tag","embeddable":true,"href":"https:\/\/www.urbancreativity.it\/de\/wp-json\/wp\/v2\/product_tag?post=1844"}],"curies":[{"name":"wp","href":"https:\/\/api.w.org\/{rel}","templated":true}]}}